{"id":7150,"date":"2024-08-09T07:38:02","date_gmt":"2024-08-09T07:38:02","guid":{"rendered":"https:\/\/mindsetfitness.ee\/?post_type=product&#038;p=7150"},"modified":"2024-08-09T08:25:20","modified_gmt":"2024-08-09T08:25:20","slug":"isadpojad-bootcamp","status":"publish","type":"product","link":"https:\/\/mindsetfitness.ee\/en\/product\/isadpojad-bootcamp\/","title":{"rendered":"ISAD&#038;POJAD BOOTCAMP"},"content":{"rendered":"<p>Many parents feel helpless at times when faced with the challenges of raising children. Parents may find themselves in a situation where their child's behavior is worrisome, but they lack the knowledge and skills to resolve the situation. This feeling is especially acute when fathers discover that their relationship with their son is not as strong as they would like or they do not know how to guide and support their child effectively.<\/p>\n<p>Just selliste murede lahendamiseks oleme koost\u00f6\u00f6s juhtimisettev\u00f5tega Combat Ready ellu kutsunud Isad &amp; pojad bootcamp 24hr v\u00e4ljakutse. See on loodud selleks, et juhtida poisse l\u00e4bi t\u00e4hendusliku teekonna meheks saamisel.<\/p>\n<p>This unique experience takes place in scenic Humala and provides fathers with the tools and knowledge they need to guide their sons, helping them become capable and confident young men. Led by three experienced instructors, the program combines physical challenges, skill development workshops and reflective activities to encourage development, resilience and a strong father-son bond.<\/p>\n<p>S\u00fcndmus tugineb nii Combat Ready kui \u201cImelised aastad\u201d koolituste teooriale ja praktikale, mis annavad osalejatele selged juhised ja tehnikad teadlikumaks lapsevanemaks olemise kohta. Combat Ready metoodika on \u00fcles ehitatud errul\u00e4inud USA merev\u00e4e eri\u00fcksuslaste ja New York Timesi enimm\u00fc\u00fcdud autorite Jocko Willinki ning Leif Babini \u201c\u00dclima vastutuse\u201d p\u00f5him\u00f5tetele, mis r\u00f5hutavad isikliku vastutuse v\u00f5tmise ja organisatsioonikultuuri olulisust.<\/p>","protected":false},"excerpt":{"rendered":"<p>24hr bonding Kogemus, mis iial ei unune 31.08 &#8211; 1.09.2024<\/p>","protected":false},"featured_media":5888,"comment_status":"open","ping_status":"closed","template":"","meta":[],"product_brand":[],"product_cat":[20],"product_tag":[],"class_list":{"0":"post-7150","1":"product","2":"type-product","3":"status-publish","4":"has-post-thumbnail","6":"product_cat-uncategorized","8":"first","9":"instock","10":"virtual","11":"purchasable","12":"product-type-simple"},"yoast_head":"<!-- This site is optimized with the Yoast SEO plugin v27.4 - https:\/\/yoast.com\/product\/yoast-seo-wordpress\/ -->\n<title>ISAD&amp;POJAD BOOTCAMP - Mindset Fitness<\/title>\n<meta name=\"description\" content=\"24hr bonding Kogemus, mis iial ei unune 31.08 - 1.09.2024\" \/>\n<meta name=\"robots\" content=\"index, follow, max-snippet:-1, max-image-preview:large, max-video-preview:-1\" \/>\n<link rel=\"canonical\" href=\"https:\/\/mindsetfitness.ee\/en\/product\/isadpojad-bootcamp\/\" \/>\n<meta property=\"og:locale\" content=\"en_US\" \/>\n<meta property=\"og:type\" content=\"article\" \/>\n<meta property=\"og:title\" content=\"ISAD&amp;POJAD BOOTCAMP - Mindset Fitness\" \/>\n<meta property=\"og:description\" content=\"24hr bonding Kogemus, mis iial ei unune 31.08 - 1.09.2024\" \/>\n<meta property=\"og:url\" content=\"https:\/\/mindsetfitness.ee\/en\/product\/isadpojad-bootcamp\/\" \/>\n<meta property=\"og:site_name\" content=\"Mindset Fitness\" \/>\n<meta property=\"article:modified_time\" content=\"2024-08-09T08:25:20+00:00\" \/>\n<meta property=\"og:image\" content=\"https:\/\/mindsetfitness.ee\/wp-content\/uploads\/2024\/07\/unnamed3-scaled.jpeg\" \/>\n\t<meta property=\"og:image:width\" content=\"1706\" \/>\n\t<meta property=\"og:image:height\" content=\"2560\" \/>\n\t<meta property=\"og:image:type\" content=\"image\/jpeg\" \/>\n<meta name=\"twitter:card\" content=\"summary_large_image\" \/>\n<meta name=\"twitter:label1\" content=\"Est. reading time\" \/>\n\t<meta name=\"twitter:data1\" content=\"2 minutes\" \/>\n<script type=\"application\/ld+json\" class=\"yoast-schema-graph\">{\"@context\":\"https:\\\/\\\/schema.org\",\"@graph\":[{\"@type\":\"WebPage\",\"@id\":\"https:\\\/\\\/mindsetfitness.ee\\\/product\\\/isadpojad-bootcamp\\\/\",\"url\":\"https:\\\/\\\/mindsetfitness.ee\\\/product\\\/isadpojad-bootcamp\\\/\",\"name\":\"ISAD&POJAD BOOTCAMP - Mindset Fitness\",\"isPartOf\":{\"@id\":\"https:\\\/\\\/mindsetfitness.ee\\\/#website\"},\"primaryImageOfPage\":{\"@id\":\"https:\\\/\\\/mindsetfitness.ee\\\/product\\\/isadpojad-bootcamp\\\/#primaryimage\"},\"image\":{\"@id\":\"https:\\\/\\\/mindsetfitness.ee\\\/product\\\/isadpojad-bootcamp\\\/#primaryimage\"},\"thumbnailUrl\":\"https:\\\/\\\/mindsetfitness.ee\\\/wp-content\\\/uploads\\\/2024\\\/07\\\/unnamed3-scaled.jpeg\",\"datePublished\":\"2024-08-09T07:38:02+00:00\",\"dateModified\":\"2024-08-09T08:25:20+00:00\",\"description\":\"24hr bonding Kogemus, mis iial ei unune 31.08 - 1.09.2024\",\"breadcrumb\":{\"@id\":\"https:\\\/\\\/mindsetfitness.ee\\\/product\\\/isadpojad-bootcamp\\\/#breadcrumb\"},\"inLanguage\":\"en-US\",\"potentialAction\":[{\"@type\":\"ReadAction\",\"target\":[\"https:\\\/\\\/mindsetfitness.ee\\\/product\\\/isadpojad-bootcamp\\\/\"]}]},{\"@type\":\"ImageObject\",\"inLanguage\":\"en-US\",\"@id\":\"https:\\\/\\\/mindsetfitness.ee\\\/product\\\/isadpojad-bootcamp\\\/#primaryimage\",\"url\":\"https:\\\/\\\/mindsetfitness.ee\\\/wp-content\\\/uploads\\\/2024\\\/07\\\/unnamed3-scaled.jpeg\",\"contentUrl\":\"https:\\\/\\\/mindsetfitness.ee\\\/wp-content\\\/uploads\\\/2024\\\/07\\\/unnamed3-scaled.jpeg\",\"width\":1706,\"height\":2560},{\"@type\":\"BreadcrumbList\",\"@id\":\"https:\\\/\\\/mindsetfitness.ee\\\/product\\\/isadpojad-bootcamp\\\/#breadcrumb\",\"itemListElement\":[{\"@type\":\"ListItem\",\"position\":1,\"name\":\"Home\",\"item\":\"https:\\\/\\\/mindsetfitness.ee\\\/\"},{\"@type\":\"ListItem\",\"position\":2,\"name\":\"Shop\",\"item\":\"https:\\\/\\\/mindsetfitness.ee\\\/shop\\\/\"},{\"@type\":\"ListItem\",\"position\":3,\"name\":\"ISAD&#038;POJAD BOOTCAMP\"}]},{\"@type\":\"WebSite\",\"@id\":\"https:\\\/\\\/mindsetfitness.ee\\\/#website\",\"url\":\"https:\\\/\\\/mindsetfitness.ee\\\/\",\"name\":\"Mindset Fitness\",\"description\":\"\",\"potentialAction\":[{\"@type\":\"SearchAction\",\"target\":{\"@type\":\"EntryPoint\",\"urlTemplate\":\"https:\\\/\\\/mindsetfitness.ee\\\/?s={search_term_string}\"},\"query-input\":{\"@type\":\"PropertyValueSpecification\",\"valueRequired\":true,\"valueName\":\"search_term_string\"}}],\"inLanguage\":\"en-US\"}]}<\/script>\n<!-- \/ Yoast SEO plugin. -->","yoast_head_json":{"title":"ISAD&POJAD BOOTCAMP - Mindset Fitness","description":"24hr bonding Kogemus, mis iial ei unune 31.08 - 1.09.2024","robots":{"index":"index","follow":"follow","max-snippet":"max-snippet:-1","max-image-preview":"max-image-preview:large","max-video-preview":"max-video-preview:-1"},"canonical":"https:\/\/mindsetfitness.ee\/en\/product\/isadpojad-bootcamp\/","og_locale":"en_US","og_type":"article","og_title":"ISAD&POJAD BOOTCAMP - Mindset Fitness","og_description":"24hr bonding Kogemus, mis iial ei unune 31.08 - 1.09.2024","og_url":"https:\/\/mindsetfitness.ee\/en\/product\/isadpojad-bootcamp\/","og_site_name":"Mindset Fitness","article_modified_time":"2024-08-09T08:25:20+00:00","og_image":[{"width":1706,"height":2560,"url":"https:\/\/mindsetfitness.ee\/wp-content\/uploads\/2024\/07\/unnamed3-scaled.jpeg","type":"image\/jpeg"}],"twitter_card":"summary_large_image","twitter_misc":{"Est. reading time":"2 minutes"},"schema":{"@context":"https:\/\/schema.org","@graph":[{"@type":"WebPage","@id":"https:\/\/mindsetfitness.ee\/product\/isadpojad-bootcamp\/","url":"https:\/\/mindsetfitness.ee\/product\/isadpojad-bootcamp\/","name":"ISAD&POJAD BOOTCAMP - Mindset Fitness","isPartOf":{"@id":"https:\/\/mindsetfitness.ee\/#website"},"primaryImageOfPage":{"@id":"https:\/\/mindsetfitness.ee\/product\/isadpojad-bootcamp\/#primaryimage"},"image":{"@id":"https:\/\/mindsetfitness.ee\/product\/isadpojad-bootcamp\/#primaryimage"},"thumbnailUrl":"https:\/\/mindsetfitness.ee\/wp-content\/uploads\/2024\/07\/unnamed3-scaled.jpeg","datePublished":"2024-08-09T07:38:02+00:00","dateModified":"2024-08-09T08:25:20+00:00","description":"24hr bonding Kogemus, mis iial ei unune 31.08 - 1.09.2024","breadcrumb":{"@id":"https:\/\/mindsetfitness.ee\/product\/isadpojad-bootcamp\/#breadcrumb"},"inLanguage":"en-US","potentialAction":[{"@type":"ReadAction","target":["https:\/\/mindsetfitness.ee\/product\/isadpojad-bootcamp\/"]}]},{"@type":"ImageObject","inLanguage":"en-US","@id":"https:\/\/mindsetfitness.ee\/product\/isadpojad-bootcamp\/#primaryimage","url":"https:\/\/mindsetfitness.ee\/wp-content\/uploads\/2024\/07\/unnamed3-scaled.jpeg","contentUrl":"https:\/\/mindsetfitness.ee\/wp-content\/uploads\/2024\/07\/unnamed3-scaled.jpeg","width":1706,"height":2560},{"@type":"BreadcrumbList","@id":"https:\/\/mindsetfitness.ee\/product\/isadpojad-bootcamp\/#breadcrumb","itemListElement":[{"@type":"ListItem","position":1,"name":"Home","item":"https:\/\/mindsetfitness.ee\/"},{"@type":"ListItem","position":2,"name":"Shop","item":"https:\/\/mindsetfitness.ee\/shop\/"},{"@type":"ListItem","position":3,"name":"ISAD&#038;POJAD BOOTCAMP"}]},{"@type":"WebSite","@id":"https:\/\/mindsetfitness.ee\/#website","url":"https:\/\/mindsetfitness.ee\/","name":"Mindset Fitness","description":"","potentialAction":[{"@type":"SearchAction","target":{"@type":"EntryPoint","urlTemplate":"https:\/\/mindsetfitness.ee\/?s={search_term_string}"},"query-input":{"@type":"PropertyValueSpecification","valueRequired":true,"valueName":"search_term_string"}}],"inLanguage":"en-US"}]}},"_links":{"self":[{"href":"https:\/\/mindsetfitness.ee\/en\/wp-json\/wp\/v2\/product\/7150","targetHints":{"allow":["GET"]}}],"collection":[{"href":"https:\/\/mindsetfitness.ee\/en\/wp-json\/wp\/v2\/product"}],"about":[{"href":"https:\/\/mindsetfitness.ee\/en\/wp-json\/wp\/v2\/types\/product"}],"replies":[{"embeddable":true,"href":"https:\/\/mindsetfitness.ee\/en\/wp-json\/wp\/v2\/comments?post=7150"}],"wp:featuredmedia":[{"embeddable":true,"href":"https:\/\/mindsetfitness.ee\/en\/wp-json\/wp\/v2\/media\/5888"}],"wp:attachment":[{"href":"https:\/\/mindsetfitness.ee\/en\/wp-json\/wp\/v2\/media?parent=7150"}],"wp:term":[{"taxonomy":"product_brand","embeddable":true,"href":"https:\/\/mindsetfitness.ee\/en\/wp-json\/wp\/v2\/product_brand?post=7150"},{"taxonomy":"product_cat","embeddable":true,"href":"https:\/\/mindsetfitness.ee\/en\/wp-json\/wp\/v2\/product_cat?post=7150"},{"taxonomy":"product_tag","embeddable":true,"href":"https:\/\/mindsetfitness.ee\/en\/wp-json\/wp\/v2\/product_tag?post=7150"}],"curies":[{"name":"wp","href":"https:\/\/api.w.org\/{rel}","templated":true}]}}