{"id":7000,"date":"2024-08-07T06:50:30","date_gmt":"2024-08-07T06:50:30","guid":{"rendered":"https:\/\/mindsetfitness.ee\/cart\/"},"modified":"2024-08-07T12:31:44","modified_gmt":"2024-08-07T12:31:44","slug":"cart","status":"publish","type":"page","link":"https:\/\/mindsetfitness.ee\/en\/cart\/","title":{"rendered":"Cart"},"content":{"rendered":"<div data-elementor-type=\"wp-page\" data-elementor-id=\"7000\" class=\"elementor elementor-7000\">\n\t\t\t\t\t\t<section class=\"elementor-section elementor-top-section elementor-element elementor-element-93aae53 elementor-section-content-middle elementor-section-height-min-height elementor-section-boxed elementor-section-height-default elementor-section-items-middle\" data-id=\"93aae53\" data-element_type=\"section\" data-e-type=\"section\" data-settings=\"{&quot;background_background&quot;:&quot;classic&quot;,&quot;animation&quot;:&quot;none&quot;}\">\n\t\t\t\t\t\t<div class=\"elementor-container elementor-column-gap-default\">\n\t\t\t\t\t<div class=\"elementor-column elementor-col-25 elementor-top-column elementor-element elementor-element-d1c28c3\" data-id=\"d1c28c3\" data-element_type=\"column\" data-e-type=\"column\">\n\t\t\t<div class=\"elementor-widget-wrap elementor-element-populated\">\n\t\t\t\t\t\t<div class=\"elementor-element elementor-element-d926cd3 elementor-widget elementor-widget-heading\" data-id=\"d926cd3\" data-element_type=\"widget\" data-e-type=\"widget\" data-widget_type=\"heading.default\">\n\t\t\t\t<div class=\"elementor-widget-container\">\n\t\t\t\t\t<h2 class=\"elementor-heading-title elementor-size-default\">MINDSET FITNESS<\/h2>\t\t\t\t<\/div>\n\t\t\t\t<\/div>\n\t\t\t\t\t<\/div>\n\t\t<\/div>\n\t\t\t\t<div class=\"elementor-column elementor-col-50 elementor-top-column elementor-element elementor-element-88a8f10\" data-id=\"88a8f10\" data-element_type=\"column\" data-e-type=\"column\">\n\t\t\t<div class=\"elementor-widget-wrap elementor-element-populated\">\n\t\t\t\t\t\t<div class=\"elementor-element elementor-element-f23d4f4 elementor-widget__width-initial elementor-widget-tablet__width-inherit elementor-widget elementor-widget-jkit_nav_menu\" data-id=\"f23d4f4\" data-element_type=\"widget\" data-e-type=\"widget\" data-settings=\"{&quot;st_submenu_item_text_hover_bg_background_background&quot;:&quot;classic&quot;,&quot;st_submenu_item_text_normal_bg_background_background&quot;:&quot;classic&quot;}\" data-widget_type=\"jkit_nav_menu.default\">\n\t\t\t\t<div class=\"elementor-widget-container\">\n\t\t\t\t\t<div  class=\"jeg-elementor-kit jkit-nav-menu break-point-tablet submenu-click-title jeg_module___69f87673649dc\"  data-item-indicator=\"&lt;i aria-hidden=&quot;true&quot; class=&quot;jki jki-angle-down-solid&quot;&gt;&lt;\/i&gt;\"><button aria-label=\"open-menu\" class=\"jkit-hamburger-menu\"><i aria-hidden=\"true\" class=\"jki jki-menu1-light\"><\/i><\/button>\n        <div class=\"jkit-menu-wrapper\"><div class=\"jkit-menu-container\"><ul id=\"menu-main-menu\" class=\"jkit-menu jkit-menu-direction-flex jkit-submenu-position-top\"><li id=\"menu-item-587\" class=\"menu-item menu-item-type-post_type menu-item-object-page menu-item-home menu-item-587\"><a href=\"https:\/\/mindsetfitness.ee\/en\/\">Homepage<\/a><\/li>\n<li id=\"menu-item-5439\" class=\"menu-item menu-item-type-custom menu-item-object-custom menu-item-has-children menu-item-5439\"><a href=\"#\">Athletes<\/a>\n<ul class=\"sub-menu\">\n\t<li id=\"menu-item-5456\" class=\"menu-item menu-item-type-post_type menu-item-object-page menu-item-5456\"><a href=\"https:\/\/mindsetfitness.ee\/en\/athletes\/\">What is Mindset Fitness for athletes<\/a><\/li>\n\t<li id=\"menu-item-5369\" class=\"menu-item menu-item-type-post_type menu-item-object-page menu-item-5369\"><a href=\"https:\/\/mindsetfitness.ee\/en\/championsmindset\/\">Champion's mindset (EST)<\/a><\/li>\n<\/ul>\n<\/li>\n<li id=\"menu-item-5452\" class=\"menu-item menu-item-type-custom menu-item-object-custom menu-item-has-children menu-item-5452\"><a href=\"#\">Businesses<\/a>\n<ul class=\"sub-menu\">\n\t<li id=\"menu-item-5453\" class=\"menu-item menu-item-type-post_type menu-item-object-page menu-item-5453\"><a href=\"https:\/\/mindsetfitness.ee\/en\/koolitused\/\">What is Mindset Fitness for Businesses<\/a><\/li>\n<\/ul>\n<\/li>\n<li id=\"menu-item-6291\" class=\"menu-item menu-item-type-post_type menu-item-object-page menu-item-6291\"><a href=\"https:\/\/mindsetfitness.ee\/en\/veebitrennid\/\">Online trainings<\/a><\/li>\n<li id=\"menu-item-5454\" class=\"menu-item menu-item-type-custom menu-item-object-custom menu-item-has-children menu-item-5454\"><a href=\"#\">Collaboration<\/a>\n<ul class=\"sub-menu\">\n\t<li id=\"menu-item-6141\" class=\"menu-item menu-item-type-post_type menu-item-object-page menu-item-6141\"><a href=\"https:\/\/mindsetfitness.ee\/en\/isadpojad-bootcamp\/\">FATHER&amp;SON BOOTCAMP<\/a><\/li>\n\t<li id=\"menu-item-5406\" class=\"menu-item menu-item-type-post_type menu-item-object-page menu-item-5406\"><a href=\"https:\/\/mindsetfitness.ee\/en\/restart\/\">Restart<\/a><\/li>\n<\/ul>\n<\/li>\n<\/ul><\/div>\n            <div class=\"jkit-nav-identity-panel\">\n                <div class=\"jkit-nav-site-title\"><a href=\"https:\/\/mindsetfitness.ee\/en\" class=\"jkit-nav-logo\" aria-label=\"Home Link\"><\/a><\/div>\n                <button aria-label=\"close-menu\" class=\"jkit-close-menu\"><i aria-hidden=\"true\" class=\"jki jki-times-solid\"><\/i><\/button>\n            <\/div>\n        <\/div>\n        <div class=\"jkit-overlay\"><\/div><\/div>\t\t\t\t<\/div>\n\t\t\t\t<\/div>\n\t\t\t\t\t<\/div>\n\t\t<\/div>\n\t\t\t\t<div class=\"elementor-column elementor-col-25 elementor-top-column elementor-element elementor-element-cbb6896 elementor-hidden-tablet elementor-hidden-phone\" data-id=\"cbb6896\" data-element_type=\"column\" data-e-type=\"column\">\n\t\t\t<div class=\"elementor-widget-wrap elementor-element-populated\">\n\t\t\t\t\t\t<div class=\"elementor-element elementor-element-61686eb elementor-widget__width-auto animated-slow elementor-invisible elementor-widget elementor-widget-jkit_button\" data-id=\"61686eb\" data-element_type=\"widget\" data-e-type=\"widget\" data-settings=\"{&quot;_animation&quot;:&quot;flash&quot;}\" data-widget_type=\"jkit_button.default\">\n\t\t\t\t<div class=\"elementor-widget-container\">\n\t\t\t\t\t<div  class=\"jeg-elementor-kit jkit-button  icon-position-after jeg_module__1_69f8767366c28\" ><a href=\"mailto:kerdu@mindsetfitness.ee\" class=\"jkit-button-wrapper\">Let's connect<\/a><\/div>\t\t\t\t<\/div>\n\t\t\t\t<\/div>\n\t\t\t\t\t<\/div>\n\t\t<\/div>\n\t\t\t\t\t<\/div>\n\t\t<\/section>\n\t\t\t\t<section class=\"elementor-section elementor-top-section elementor-element elementor-element-12ee05c elementor-section-boxed elementor-section-height-default elementor-section-height-default\" data-id=\"12ee05c\" data-element_type=\"section\" data-e-type=\"section\">\n\t\t\t\t\t\t<div class=\"elementor-container elementor-column-gap-default\">\n\t\t\t\t\t<div class=\"elementor-column elementor-col-100 elementor-top-column elementor-element elementor-element-0e9edfa\" data-id=\"0e9edfa\" data-element_type=\"column\" data-e-type=\"column\">\n\t\t\t<div class=\"elementor-widget-wrap elementor-element-populated\">\n\t\t\t\t\t\t<div class=\"elementor-element elementor-element-9f89292 wl-product-image-show-block wl-product-image-show-tablet-block wl-product-name-show-yes wl-product-name-show-tablet-yes wl-product-category-show-tablet-yes wl-product-category-show-mobile-no wl-product-price-show-yes wl-product-price-show-tablet-yes wl-product-price-show-mobile-yes wl-product-quantity-show-yes wl-product-quantity-show-tablet-yes wl-product-quantity-show-mobile-yes wl-product-subtotal-show-yes wl-product-subtotal-show-tablet-yes wl-product-subtotal-show-mobile-yes wl-product-remove-show-yes wl-product-remove-show-tablet-yes wl-product-remove-show-mobile-yes elementor-widget elementor-widget-cart-items\" data-id=\"9f89292\" data-element_type=\"widget\" data-e-type=\"widget\" data-widget_type=\"cart-items.default\">\n\t\t\t\t<div class=\"elementor-widget-container\">\n\t\t\t\t\t<div class=\"woocommerce-notices-wrapper\"><\/div>\n\t\t<div class=\"wl-ci\">\n\t\t\t<div class=\"wl-ci-product-style\">\n\t\t\t\t<div class=\"cx-container\">\n\t\t\t\t\t<div class=\"cx-row\">\n\t\t\t\t\t\t<div class=\"cx-col-md-12 cx-col-sm-12\">\n\t\t\t\t\t\t\t<div class=\"woocommerce\">\n\t\t\t\t\t\t\t\t<form class=\"woocommerce-cart-form wl-ci-cart-form\" action=\"https:\/\/mindsetfitness.ee\/en\/cart\/\" method=\"post\" data-trp-original-action=\"https:\/\/mindsetfitness.ee\/en\/cart\/\">\n\t\t\t\t\t\t\t\t\t<div class=\"woocommerce-notices-wrapper\"><\/div><div class=\"wc-empty-cart-message\">\n\t<div class=\"cart-empty woocommerce-info\" role=\"status\">\n\t\tYour cart is currently empty.\t<\/div>\n<\/div>\t\t\t\t\t\t\t\t<input type=\"hidden\" name=\"trp-form-language\" value=\"en\"\/><\/form>\n\t\t\t\t\t\t\t<\/div>\n\t\t\t\t\t\t<\/div>\n\n\t\t\t\t\t\t\t\t\t\t\t\n\n\t\t\t\t\t<\/div>\n\t\t\t\t<\/div>\n\t\t\t<\/div>\n\t\t<\/div>\n\t\t\t\t\t\t<\/div>\n\t\t\t\t<\/div>\n\t\t\t\t\t<\/div>\n\t\t<\/div>\n\t\t\t\t\t<\/div>\n\t\t<\/section>\n\t\t\t\t<section class=\"elementor-section elementor-top-section elementor-element elementor-element-7eef571 elementor-section-boxed elementor-section-height-default elementor-section-height-default\" data-id=\"7eef571\" data-element_type=\"section\" data-e-type=\"section\" data-settings=\"{&quot;background_background&quot;:&quot;classic&quot;}\">\n\t\t\t\t\t\t\t<div class=\"elementor-background-overlay\"><\/div>\n\t\t\t\t\t\t\t<div class=\"elementor-container elementor-column-gap-default\">\n\t\t\t\t\t<div class=\"elementor-column elementor-col-100 elementor-top-column elementor-element elementor-element-b81ca22\" data-id=\"b81ca22\" data-element_type=\"column\" data-e-type=\"column\">\n\t\t\t<div class=\"elementor-widget-wrap elementor-element-populated\">\n\t\t\t\t\t\t<section class=\"elementor-section elementor-inner-section elementor-element elementor-element-7c57a17 elementor-section-boxed elementor-section-height-default elementor-section-height-default\" data-id=\"7c57a17\" data-element_type=\"section\" data-e-type=\"section\">\n\t\t\t\t\t\t<div class=\"elementor-container elementor-column-gap-default\">\n\t\t\t\t\t<div class=\"elementor-column elementor-col-33 elementor-inner-column elementor-element elementor-element-c4ecf20\" data-id=\"c4ecf20\" data-element_type=\"column\" data-e-type=\"column\">\n\t\t\t<div class=\"elementor-widget-wrap elementor-element-populated\">\n\t\t\t\t\t\t<div class=\"elementor-element elementor-element-3e09730 elementor-invisible elementor-widget elementor-widget-heading\" data-id=\"3e09730\" data-element_type=\"widget\" data-e-type=\"widget\" data-settings=\"{&quot;_animation&quot;:&quot;fadeInLeft&quot;}\" data-widget_type=\"heading.default\">\n\t\t\t\t<div class=\"elementor-widget-container\">\n\t\t\t\t\t<h2 class=\"elementor-heading-title elementor-size-default\">Socialmedia<\/h2>\t\t\t\t<\/div>\n\t\t\t\t<\/div>\n\t\t\t\t<div class=\"elementor-element elementor-element-67bc613 elementor-widget-divider--view-line elementor-widget elementor-widget-divider\" data-id=\"67bc613\" data-element_type=\"widget\" data-e-type=\"widget\" data-widget_type=\"divider.default\">\n\t\t\t\t<div class=\"elementor-widget-container\">\n\t\t\t\t\t\t\t<div class=\"elementor-divider\">\n\t\t\t<span class=\"elementor-divider-separator\">\n\t\t\t\t\t\t<\/span>\n\t\t<\/div>\n\t\t\t\t\t\t<\/div>\n\t\t\t\t<\/div>\n\t\t\t\t<div class=\"elementor-element elementor-element-0ba42ea elementor-shape-circle e-grid-align-left e-grid-align-mobile-center elementor-grid-0 elementor-widget elementor-widget-social-icons\" data-id=\"0ba42ea\" data-element_type=\"widget\" data-e-type=\"widget\" data-widget_type=\"social-icons.default\">\n\t\t\t\t<div class=\"elementor-widget-container\">\n\t\t\t\t\t\t\t<div class=\"elementor-social-icons-wrapper elementor-grid\" role=\"list\">\n\t\t\t\t\t\t\t<span class=\"elementor-grid-item\" role=\"listitem\">\n\t\t\t\t\t<a class=\"elementor-icon elementor-social-icon elementor-social-icon-jki-instagram-1-light elementor-animation-shrink elementor-repeater-item-94d1656\" href=\"https:\/\/www.instagram.com\/mindsetfitness.ee\/\" target=\"_blank\">\n\t\t\t\t\t\t<span class=\"elementor-screen-only\">Jki-instagram-1-light<\/span>\n\t\t\t\t\t\t<i aria-hidden=\"true\" class=\"jki jki-instagram-1-light\"><\/i>\t\t\t\t\t<\/a>\n\t\t\t\t<\/span>\n\t\t\t\t\t\t\t<span class=\"elementor-grid-item\" role=\"listitem\">\n\t\t\t\t\t<a class=\"elementor-icon elementor-social-icon elementor-social-icon-facebook elementor-animation-shrink elementor-repeater-item-27cb533\" href=\"https:\/\/www.facebook.com\/mindsetfitness.ee\" target=\"_blank\">\n\t\t\t\t\t\t<span class=\"elementor-screen-only\">Facebook<\/span>\n\t\t\t\t\t\t<i aria-hidden=\"true\" class=\"fab fa-facebook\"><\/i>\t\t\t\t\t<\/a>\n\t\t\t\t<\/span>\n\t\t\t\t\t\t\t<span class=\"elementor-grid-item\" role=\"listitem\">\n\t\t\t\t\t<a class=\"elementor-icon elementor-social-icon elementor-social-icon-linkedin elementor-animation-shrink elementor-repeater-item-18d7874\" href=\"https:\/\/www.linkedin.com\/in\/kerdu-lenear-mba-a6b967226\/\" target=\"_blank\">\n\t\t\t\t\t\t<span class=\"elementor-screen-only\">Linkedin<\/span>\n\t\t\t\t\t\t<i aria-hidden=\"true\" class=\"fab fa-linkedin\"><\/i>\t\t\t\t\t<\/a>\n\t\t\t\t<\/span>\n\t\t\t\t\t<\/div>\n\t\t\t\t\t\t<\/div>\n\t\t\t\t<\/div>\n\t\t\t\t\t<\/div>\n\t\t<\/div>\n\t\t\t\t<div class=\"elementor-column elementor-col-33 elementor-inner-column elementor-element elementor-element-cb53954\" data-id=\"cb53954\" data-element_type=\"column\" data-e-type=\"column\">\n\t\t\t<div class=\"elementor-widget-wrap elementor-element-populated\">\n\t\t\t\t\t\t<div class=\"elementor-element elementor-element-736a3d6 elementor-invisible elementor-widget elementor-widget-heading\" data-id=\"736a3d6\" data-element_type=\"widget\" data-e-type=\"widget\" data-settings=\"{&quot;_animation&quot;:&quot;fadeInLeft&quot;}\" data-widget_type=\"heading.default\">\n\t\t\t\t<div class=\"elementor-widget-container\">\n\t\t\t\t\t<h2 class=\"elementor-heading-title elementor-size-default\">Discover<\/h2>\t\t\t\t<\/div>\n\t\t\t\t<\/div>\n\t\t\t\t<div class=\"elementor-element elementor-element-462ff3f elementor-widget-divider--view-line elementor-widget elementor-widget-divider\" data-id=\"462ff3f\" data-element_type=\"widget\" data-e-type=\"widget\" data-widget_type=\"divider.default\">\n\t\t\t\t<div class=\"elementor-widget-container\">\n\t\t\t\t\t\t\t<div class=\"elementor-divider\">\n\t\t\t<span class=\"elementor-divider-separator\">\n\t\t\t\t\t\t<\/span>\n\t\t<\/div>\n\t\t\t\t\t\t<\/div>\n\t\t\t\t<\/div>\n\t\t\t\t<div class=\"elementor-element elementor-element-98f2815 elementor-mobile-align-center elementor-icon-list--layout-traditional elementor-list-item-link-full_width elementor-widget elementor-widget-icon-list\" data-id=\"98f2815\" data-element_type=\"widget\" data-e-type=\"widget\" data-widget_type=\"icon-list.default\">\n\t\t\t\t<div class=\"elementor-widget-container\">\n\t\t\t\t\t\t\t<ul class=\"elementor-icon-list-items\">\n\t\t\t\t\t\t\t<li class=\"elementor-icon-list-item\">\n\t\t\t\t\t\t\t\t\t\t\t<a href=\"https:\/\/mindsetfitness.ee\/en\/koolitused\/\">\n\n\t\t\t\t\t\t\t\t\t\t\t\t<span class=\"elementor-icon-list-icon\">\n\t\t\t\t\t\t\t<i aria-hidden=\"true\" class=\"fas fa-chevron-right\"><\/i>\t\t\t\t\t\t<\/span>\n\t\t\t\t\t\t\t\t\t\t<span class=\"elementor-icon-list-text\">Businesses<\/span>\n\t\t\t\t\t\t\t\t\t\t\t<\/a>\n\t\t\t\t\t\t\t\t\t<\/li>\n\t\t\t\t\t\t\t\t<li class=\"elementor-icon-list-item\">\n\t\t\t\t\t\t\t\t\t\t\t<a href=\"https:\/\/mindsetfitness.ee\/en\/championsmindset\/\">\n\n\t\t\t\t\t\t\t\t\t\t\t\t<span class=\"elementor-icon-list-icon\">\n\t\t\t\t\t\t\t<i aria-hidden=\"true\" class=\"fas fa-chevron-right\"><\/i>\t\t\t\t\t\t<\/span>\n\t\t\t\t\t\t\t\t\t\t<span class=\"elementor-icon-list-text\">Champion's mindset<\/span>\n\t\t\t\t\t\t\t\t\t\t\t<\/a>\n\t\t\t\t\t\t\t\t\t<\/li>\n\t\t\t\t\t\t\t\t<li class=\"elementor-icon-list-item\">\n\t\t\t\t\t\t\t\t\t\t\t<a href=\"https:\/\/mindsetfitness.ee\/en\/isadpojad-bootcamp\/\">\n\n\t\t\t\t\t\t\t\t\t\t\t\t<span class=\"elementor-icon-list-icon\">\n\t\t\t\t\t\t\t<i aria-hidden=\"true\" class=\"fas fa-chevron-right\"><\/i>\t\t\t\t\t\t<\/span>\n\t\t\t\t\t\t\t\t\t\t<span class=\"elementor-icon-list-text\">Isad&amp;Pojad bootcamp<\/span>\n\t\t\t\t\t\t\t\t\t\t\t<\/a>\n\t\t\t\t\t\t\t\t\t<\/li>\n\t\t\t\t\t\t\t\t<li class=\"elementor-icon-list-item\">\n\t\t\t\t\t\t\t\t\t\t\t<a href=\"https:\/\/mindsetfitness.ee\/en\/veebitrennid\/\">\n\n\t\t\t\t\t\t\t\t\t\t\t\t<span class=\"elementor-icon-list-icon\">\n\t\t\t\t\t\t\t<i aria-hidden=\"true\" class=\"fas fa-chevron-right\"><\/i>\t\t\t\t\t\t<\/span>\n\t\t\t\t\t\t\t\t\t\t<span class=\"elementor-icon-list-text\">Online trainings<\/span>\n\t\t\t\t\t\t\t\t\t\t\t<\/a>\n\t\t\t\t\t\t\t\t\t<\/li>\n\t\t\t\t\t\t\t\t<li class=\"elementor-icon-list-item\">\n\t\t\t\t\t\t\t\t\t\t\t<a href=\"https:\/\/mindsetfitness.ee\/en\/privaatsuspoliitika\/\">\n\n\t\t\t\t\t\t\t\t\t\t\t\t<span class=\"elementor-icon-list-icon\">\n\t\t\t\t\t\t\t<i aria-hidden=\"true\" class=\"fas fa-chevron-right\"><\/i>\t\t\t\t\t\t<\/span>\n\t\t\t\t\t\t\t\t\t\t<span class=\"elementor-icon-list-text\">Privacy Policy<\/span>\n\t\t\t\t\t\t\t\t\t\t\t<\/a>\n\t\t\t\t\t\t\t\t\t<\/li>\n\t\t\t\t\t\t<\/ul>\n\t\t\t\t\t\t<\/div>\n\t\t\t\t<\/div>\n\t\t\t\t\t<\/div>\n\t\t<\/div>\n\t\t\t\t<div class=\"elementor-column elementor-col-33 elementor-inner-column elementor-element elementor-element-91d1e49\" data-id=\"91d1e49\" data-element_type=\"column\" data-e-type=\"column\">\n\t\t\t<div class=\"elementor-widget-wrap\">\n\t\t\t\t\t\t\t<\/div>\n\t\t<\/div>\n\t\t\t\t\t<\/div>\n\t\t<\/section>\n\t\t\t\t\t<\/div>\n\t\t<\/div>\n\t\t\t\t\t<\/div>\n\t\t<\/section>\n\t\t\t\t<\/div>","protected":false},"excerpt":{"rendered":"<p>MINDSET FITNESS Avaleht Sportlastele Meistrite m\u00f5tteviis (EST) Mis on mindset fitness sportlastele Ettev\u00f5tetele Telli trenn oma tiimile Eri\u00fcritused ISAD&amp;POJAD BOOTCAMP Restart Veebitrennid V\u00f5ta \u00fchendust Toode Hind Kogus Summa STOP tehnika iseseisev treening Uncategorized 79,00&nbsp;&euro; STOP tehnika iseseisev treening quantity 237,00&nbsp;&euro; VIP: STOP tehnika LIVE treening (GRUPP ALUSTAB 18.08.2024) Uncategorized 99,00&nbsp;&euro; VIP: STOP tehnika LIVE treening [&hellip;]<\/p>\n","protected":false},"author":1,"featured_media":0,"parent":0,"menu_order":0,"comment_status":"closed","ping_status":"closed","template":"elementor_header_footer","meta":{"footnotes":""},"class_list":["post-7000","page","type-page","status-publish","hentry"],"yoast_head":"<!-- This site is optimized with the Yoast SEO plugin v27.5 - https:\/\/yoast.com\/product\/yoast-seo-wordpress\/ -->\n<title>Cart - Mindset Fitness<\/title>\n<meta name=\"robots\" content=\"index, follow, max-snippet:-1, max-image-preview:large, max-video-preview:-1\" \/>\n<link rel=\"canonical\" href=\"https:\/\/mindsetfitness.ee\/en\/cart\/\" \/>\n<meta property=\"og:locale\" content=\"en_US\" \/>\n<meta property=\"og:type\" content=\"article\" \/>\n<meta property=\"og:title\" content=\"Cart - Mindset Fitness\" \/>\n<meta property=\"og:description\" content=\"MINDSET FITNESS Avaleht Sportlastele Meistrite m\u00f5tteviis (EST) Mis on mindset fitness sportlastele Ettev\u00f5tetele Telli trenn oma tiimile Eri\u00fcritused ISAD&amp;POJAD BOOTCAMP Restart Veebitrennid V\u00f5ta \u00fchendust Toode Hind Kogus Summa STOP tehnika iseseisev treening Uncategorized 79,00&nbsp;&euro; STOP tehnika iseseisev treening quantity 237,00&nbsp;&euro; VIP: STOP tehnika LIVE treening (GRUPP ALUSTAB 18.08.2024) Uncategorized 99,00&nbsp;&euro; VIP: STOP tehnika LIVE treening [&hellip;]\" \/>\n<meta property=\"og:url\" content=\"https:\/\/mindsetfitness.ee\/en\/cart\/\" \/>\n<meta property=\"og:site_name\" content=\"Mindset Fitness\" \/>\n<meta property=\"article:modified_time\" content=\"2024-08-07T12:31:44+00:00\" \/>\n<meta property=\"og:image\" content=\"https:\/\/mindsetfitness.ee\/wp-content\/uploads\/2024\/07\/young-adult-man-doing-high-five-to-female-friends-for-sport-motivation-300x300.jpg\" \/>\n<meta name=\"twitter:card\" content=\"summary_large_image\" \/>\n<meta name=\"twitter:label1\" content=\"Est. reading time\" \/>\n\t<meta name=\"twitter:data1\" content=\"1 minute\" \/>\n<script type=\"application\/ld+json\" class=\"yoast-schema-graph\">{\"@context\":\"https:\\\/\\\/schema.org\",\"@graph\":[{\"@type\":\"WebPage\",\"@id\":\"https:\\\/\\\/mindsetfitness.ee\\\/cart\\\/\",\"url\":\"https:\\\/\\\/mindsetfitness.ee\\\/cart\\\/\",\"name\":\"Cart - Mindset Fitness\",\"isPartOf\":{\"@id\":\"https:\\\/\\\/mindsetfitness.ee\\\/#website\"},\"primaryImageOfPage\":{\"@id\":\"https:\\\/\\\/mindsetfitness.ee\\\/cart\\\/#primaryimage\"},\"image\":{\"@id\":\"https:\\\/\\\/mindsetfitness.ee\\\/cart\\\/#primaryimage\"},\"thumbnailUrl\":\"https:\\\/\\\/mindsetfitness.ee\\\/wp-content\\\/uploads\\\/2024\\\/07\\\/young-adult-man-doing-high-five-to-female-friends-for-sport-motivation-300x300.jpg\",\"datePublished\":\"2024-08-07T06:50:30+00:00\",\"dateModified\":\"2024-08-07T12:31:44+00:00\",\"breadcrumb\":{\"@id\":\"https:\\\/\\\/mindsetfitness.ee\\\/cart\\\/#breadcrumb\"},\"inLanguage\":\"en-US\",\"potentialAction\":[{\"@type\":\"ReadAction\",\"target\":[\"https:\\\/\\\/mindsetfitness.ee\\\/cart\\\/\"]}]},{\"@type\":\"ImageObject\",\"inLanguage\":\"en-US\",\"@id\":\"https:\\\/\\\/mindsetfitness.ee\\\/cart\\\/#primaryimage\",\"url\":\"https:\\\/\\\/mindsetfitness.ee\\\/wp-content\\\/uploads\\\/2024\\\/07\\\/young-adult-man-doing-high-five-to-female-friends-for-sport-motivation-300x300.jpg\",\"contentUrl\":\"https:\\\/\\\/mindsetfitness.ee\\\/wp-content\\\/uploads\\\/2024\\\/07\\\/young-adult-man-doing-high-five-to-female-friends-for-sport-motivation-300x300.jpg\"},{\"@type\":\"BreadcrumbList\",\"@id\":\"https:\\\/\\\/mindsetfitness.ee\\\/cart\\\/#breadcrumb\",\"itemListElement\":[{\"@type\":\"ListItem\",\"position\":1,\"name\":\"Home\",\"item\":\"https:\\\/\\\/mindsetfitness.ee\\\/\"},{\"@type\":\"ListItem\",\"position\":2,\"name\":\"Cart\"}]},{\"@type\":\"WebSite\",\"@id\":\"https:\\\/\\\/mindsetfitness.ee\\\/#website\",\"url\":\"https:\\\/\\\/mindsetfitness.ee\\\/\",\"name\":\"Mindset Fitness\",\"description\":\"\",\"potentialAction\":[{\"@type\":\"SearchAction\",\"target\":{\"@type\":\"EntryPoint\",\"urlTemplate\":\"https:\\\/\\\/mindsetfitness.ee\\\/?s={search_term_string}\"},\"query-input\":{\"@type\":\"PropertyValueSpecification\",\"valueRequired\":true,\"valueName\":\"search_term_string\"}}],\"inLanguage\":\"en-US\"}]}<\/script>\n<!-- \/ Yoast SEO plugin. -->","yoast_head_json":{"title":"Cart - Mindset Fitness","robots":{"index":"index","follow":"follow","max-snippet":"max-snippet:-1","max-image-preview":"max-image-preview:large","max-video-preview":"max-video-preview:-1"},"canonical":"https:\/\/mindsetfitness.ee\/en\/cart\/","og_locale":"en_US","og_type":"article","og_title":"Cart - Mindset Fitness","og_description":"MINDSET FITNESS Avaleht Sportlastele Meistrite m\u00f5tteviis (EST) Mis on mindset fitness sportlastele Ettev\u00f5tetele Telli trenn oma tiimile Eri\u00fcritused ISAD&amp;POJAD BOOTCAMP Restart Veebitrennid V\u00f5ta \u00fchendust Toode Hind Kogus Summa STOP tehnika iseseisev treening Uncategorized 79,00&nbsp;&euro; STOP tehnika iseseisev treening quantity 237,00&nbsp;&euro; VIP: STOP tehnika LIVE treening (GRUPP ALUSTAB 18.08.2024) Uncategorized 99,00&nbsp;&euro; VIP: STOP tehnika LIVE treening [&hellip;]","og_url":"https:\/\/mindsetfitness.ee\/en\/cart\/","og_site_name":"Mindset Fitness","article_modified_time":"2024-08-07T12:31:44+00:00","og_image":[{"url":"https:\/\/mindsetfitness.ee\/wp-content\/uploads\/2024\/07\/young-adult-man-doing-high-five-to-female-friends-for-sport-motivation-300x300.jpg","type":"","width":"","height":""}],"twitter_card":"summary_large_image","twitter_misc":{"Est. reading time":"1 minute"},"schema":{"@context":"https:\/\/schema.org","@graph":[{"@type":"WebPage","@id":"https:\/\/mindsetfitness.ee\/cart\/","url":"https:\/\/mindsetfitness.ee\/cart\/","name":"Cart - Mindset Fitness","isPartOf":{"@id":"https:\/\/mindsetfitness.ee\/#website"},"primaryImageOfPage":{"@id":"https:\/\/mindsetfitness.ee\/cart\/#primaryimage"},"image":{"@id":"https:\/\/mindsetfitness.ee\/cart\/#primaryimage"},"thumbnailUrl":"https:\/\/mindsetfitness.ee\/wp-content\/uploads\/2024\/07\/young-adult-man-doing-high-five-to-female-friends-for-sport-motivation-300x300.jpg","datePublished":"2024-08-07T06:50:30+00:00","dateModified":"2024-08-07T12:31:44+00:00","breadcrumb":{"@id":"https:\/\/mindsetfitness.ee\/cart\/#breadcrumb"},"inLanguage":"en-US","potentialAction":[{"@type":"ReadAction","target":["https:\/\/mindsetfitness.ee\/cart\/"]}]},{"@type":"ImageObject","inLanguage":"en-US","@id":"https:\/\/mindsetfitness.ee\/cart\/#primaryimage","url":"https:\/\/mindsetfitness.ee\/wp-content\/uploads\/2024\/07\/young-adult-man-doing-high-five-to-female-friends-for-sport-motivation-300x300.jpg","contentUrl":"https:\/\/mindsetfitness.ee\/wp-content\/uploads\/2024\/07\/young-adult-man-doing-high-five-to-female-friends-for-sport-motivation-300x300.jpg"},{"@type":"BreadcrumbList","@id":"https:\/\/mindsetfitness.ee\/cart\/#breadcrumb","itemListElement":[{"@type":"ListItem","position":1,"name":"Home","item":"https:\/\/mindsetfitness.ee\/"},{"@type":"ListItem","position":2,"name":"Cart"}]},{"@type":"WebSite","@id":"https:\/\/mindsetfitness.ee\/#website","url":"https:\/\/mindsetfitness.ee\/","name":"Mindset Fitness","description":"","potentialAction":[{"@type":"SearchAction","target":{"@type":"EntryPoint","urlTemplate":"https:\/\/mindsetfitness.ee\/?s={search_term_string}"},"query-input":{"@type":"PropertyValueSpecification","valueRequired":true,"valueName":"search_term_string"}}],"inLanguage":"en-US"}]}},"_links":{"self":[{"href":"https:\/\/mindsetfitness.ee\/en\/wp-json\/wp\/v2\/pages\/7000","targetHints":{"allow":["GET"]}}],"collection":[{"href":"https:\/\/mindsetfitness.ee\/en\/wp-json\/wp\/v2\/pages"}],"about":[{"href":"https:\/\/mindsetfitness.ee\/en\/wp-json\/wp\/v2\/types\/page"}],"author":[{"embeddable":true,"href":"https:\/\/mindsetfitness.ee\/en\/wp-json\/wp\/v2\/users\/1"}],"replies":[{"embeddable":true,"href":"https:\/\/mindsetfitness.ee\/en\/wp-json\/wp\/v2\/comments?post=7000"}],"version-history":[{"count":7,"href":"https:\/\/mindsetfitness.ee\/en\/wp-json\/wp\/v2\/pages\/7000\/revisions"}],"predecessor-version":[{"id":7122,"href":"https:\/\/mindsetfitness.ee\/en\/wp-json\/wp\/v2\/pages\/7000\/revisions\/7122"}],"wp:attachment":[{"href":"https:\/\/mindsetfitness.ee\/en\/wp-json\/wp\/v2\/media?parent=7000"}],"curies":[{"name":"wp","href":"https:\/\/api.w.org\/{rel}","templated":true}]}}