{"id":1921,"date":"2023-02-26T17:15:59","date_gmt":"2023-02-26T17:15:59","guid":{"rendered":"https:\/\/mindsetfitness.ee\/?page_id=1921"},"modified":"2023-04-08T11:38:01","modified_gmt":"2023-04-08T11:38:01","slug":"tasuta-veebinar","status":"publish","type":"page","link":"https:\/\/mindsetfitness.ee\/en\/tasuta-veebinar\/","title":{"rendered":"tasuta veebinar"},"content":{"rendered":"<div data-elementor-type=\"wp-page\" data-elementor-id=\"1921\" class=\"elementor elementor-1921\">\n\t\t\t\t\t\t<section class=\"elementor-section elementor-top-section elementor-element elementor-element-7eb5ec1 elementor-reverse-tablet elementor-reverse-mobile elementor-section-height-min-height elementor-section-boxed elementor-section-height-default elementor-section-items-middle\" data-id=\"7eb5ec1\" data-element_type=\"section\" data-e-type=\"section\" data-settings=\"{&quot;background_background&quot;:&quot;classic&quot;}\">\n\t\t\t\t\t\t\t<div class=\"elementor-background-overlay\"><\/div>\n\t\t\t\t\t\t\t<div class=\"elementor-container elementor-column-gap-default\">\n\t\t\t\t\t<div class=\"elementor-column elementor-col-50 elementor-top-column elementor-element elementor-element-92c88da\" data-id=\"92c88da\" data-element_type=\"column\" data-e-type=\"column\">\n\t\t\t<div class=\"elementor-widget-wrap elementor-element-populated\">\n\t\t\t\t\t\t<div class=\"elementor-element elementor-element-ca9d942 elementor-widget elementor-widget-video\" data-id=\"ca9d942\" data-element_type=\"widget\" data-e-type=\"widget\" data-settings=\"{&quot;youtube_url&quot;:&quot;https:\\\/\\\/www.youtube.com\\\/watch?v=606QsyZM47U&quot;,&quot;show_image_overlay&quot;:&quot;yes&quot;,&quot;image_overlay&quot;:{&quot;url&quot;:&quot;https:\\\/\\\/mindsetfitness.ee\\\/wp-content\\\/uploads\\\/2023\\\/02\\\/webinar.png&quot;,&quot;id&quot;:1929,&quot;size&quot;:&quot;&quot;,&quot;alt&quot;:&quot;&quot;,&quot;source&quot;:&quot;library&quot;},&quot;video_type&quot;:&quot;youtube&quot;,&quot;controls&quot;:&quot;yes&quot;}\" data-widget_type=\"video.default\">\n\t\t\t\t<div class=\"elementor-widget-container\">\n\t\t\t\t\t\t\t<div class=\"elementor-wrapper elementor-open-inline\">\n\t\t\t<div class=\"elementor-video\"><\/div>\t\t\t\t<div class=\"elementor-custom-embed-image-overlay\" style=\"background-image: url(https:\/\/mindsetfitness.ee\/wp-content\/uploads\/2023\/02\/webinar.png);\">\n\t\t\t\t\t\t\t\t\t\t\t\t\t\t\t\t<div class=\"elementor-custom-embed-play\" role=\"button\" aria-label=\"Play Video\" tabindex=\"0\">\n\t\t\t\t\t\t\t<i aria-hidden=\"true\" class=\"eicon-play\"><\/i>\t\t\t\t\t\t<\/div>\n\t\t\t\t\t\t\t\t\t<\/div>\n\t\t\t\t\t<\/div>\n\t\t\t\t\t\t<\/div>\n\t\t\t\t<\/div>\n\t\t\t\t\t<\/div>\n\t\t<\/div>\n\t\t\t\t<div class=\"elementor-column elementor-col-50 elementor-top-column elementor-element elementor-element-724e266\" data-id=\"724e266\" data-element_type=\"column\" data-e-type=\"column\">\n\t\t\t<div class=\"elementor-widget-wrap elementor-element-populated\">\n\t\t\t\t\t\t<div class=\"elementor-element elementor-element-6d33e0e elementor-widget elementor-widget-jkit_heading\" data-id=\"6d33e0e\" data-element_type=\"widget\" data-e-type=\"widget\" data-widget_type=\"jkit_heading.default\">\n\t\t\t\t<div class=\"elementor-widget-container\">\n\t\t\t\t\t<div  class=\"jeg-elementor-kit jkit-heading  align-left align-tablet- align-mobile- jeg_module___69f8741262eeb\" ><div class=\"heading-section-title  display-inline-block\"><h2 class=\"heading-title\">5 SAMMULINE PROTSESS<\/h2><\/div><\/div>\t\t\t\t<\/div>\n\t\t\t\t<\/div>\n\t\t\t\t<div class=\"elementor-element elementor-element-0d0e842 elementor-widget elementor-widget-jkit_heading\" data-id=\"0d0e842\" data-element_type=\"widget\" data-e-type=\"widget\" data-widget_type=\"jkit_heading.default\">\n\t\t\t\t<div class=\"elementor-widget-container\">\n\t\t\t\t\t<div  class=\"jeg-elementor-kit jkit-heading  align-left align-tablet- align-mobile- jeg_module__1_69f8741263867\" ><div class=\"heading-section-title  display-inline-block\"><h1 class=\"heading-title\">EDUKA <span class=\"style-color\"><span>VEEBIKOOLITUSE LOOMISEKS<\/span><\/span><\/h1><\/div><\/div>\t\t\t\t<\/div>\n\t\t\t\t<\/div>\n\t\t\t\t<div class=\"elementor-element elementor-element-2ccd909 elementor-widget elementor-widget-text-editor\" data-id=\"2ccd909\" data-element_type=\"widget\" data-e-type=\"widget\" data-widget_type=\"text-editor.default\">\n\t\t\t\t<div class=\"elementor-widget-container\">\n\t\t\t\t\t\t\t\t\t<p>\u00d5PI KUIDAS SUURENDADA OMA ETTEV\u00d5TTE M\u00dc\u00dcGITULU V\u00d5I TEENIDA PALGAT\u00d6\u00d6 K\u00d5RVALT LISARAHA!<\/p>\t\t\t\t\t\t\t\t<\/div>\n\t\t\t\t<\/div>\n\t\t\t\t\t<\/div>\n\t\t<\/div>\n\t\t\t\t\t<\/div>\n\t\t<\/section>\n\t\t\t\t<\/div>","protected":false},"excerpt":{"rendered":"<p>5 SAMMULINE PROTSESS EDUKA VEEBIKOOLITUSE LOOMISEKS \u00d5PI KUIDAS SUURENDADA OMA ETTEV\u00d5TTE M\u00dc\u00dcGITULU V\u00d5I TEENIDA PALGAT\u00d6\u00d6 K\u00d5RVALT LISARAHA!<\/p>","protected":false},"author":1,"featured_media":0,"parent":0,"menu_order":0,"comment_status":"closed","ping_status":"closed","template":"elementor_header_footer","meta":{"footnotes":""},"class_list":["post-1921","page","type-page","status-publish","hentry"],"yoast_head":"<!-- This site is optimized with the Yoast SEO plugin v27.5 - https:\/\/yoast.com\/product\/yoast-seo-wordpress\/ -->\n<title>tasuta veebinar - Mindset Fitness<\/title>\n<meta name=\"robots\" content=\"index, follow, max-snippet:-1, max-image-preview:large, max-video-preview:-1\" \/>\n<link rel=\"canonical\" href=\"https:\/\/mindsetfitness.ee\/en\/tasuta-veebinar\/\" \/>\n<meta property=\"og:locale\" content=\"en_US\" \/>\n<meta property=\"og:type\" content=\"article\" \/>\n<meta property=\"og:title\" content=\"tasuta veebinar - Mindset Fitness\" \/>\n<meta property=\"og:description\" content=\"5 SAMMULINE PROTSESS EDUKA VEEBIKOOLITUSE LOOMISEKS \u00d5PI KUIDAS SUURENDADA OMA ETTEV\u00d5TTE M\u00dc\u00dcGITULU V\u00d5I TEENIDA PALGAT\u00d6\u00d6 K\u00d5RVALT LISARAHA!\" \/>\n<meta property=\"og:url\" content=\"https:\/\/mindsetfitness.ee\/en\/tasuta-veebinar\/\" \/>\n<meta property=\"og:site_name\" content=\"Mindset Fitness\" \/>\n<meta property=\"article:modified_time\" content=\"2023-04-08T11:38:01+00:00\" \/>\n<meta name=\"twitter:card\" content=\"summary_large_image\" \/>\n<script type=\"application\/ld+json\" class=\"yoast-schema-graph\">{\"@context\":\"https:\\\/\\\/schema.org\",\"@graph\":[{\"@type\":\"WebPage\",\"@id\":\"https:\\\/\\\/mindsetfitness.ee\\\/tasuta-veebinar\\\/\",\"url\":\"https:\\\/\\\/mindsetfitness.ee\\\/tasuta-veebinar\\\/\",\"name\":\"tasuta veebinar - Mindset Fitness\",\"isPartOf\":{\"@id\":\"https:\\\/\\\/mindsetfitness.ee\\\/#website\"},\"datePublished\":\"2023-02-26T17:15:59+00:00\",\"dateModified\":\"2023-04-08T11:38:01+00:00\",\"breadcrumb\":{\"@id\":\"https:\\\/\\\/mindsetfitness.ee\\\/tasuta-veebinar\\\/#breadcrumb\"},\"inLanguage\":\"en-US\",\"potentialAction\":[{\"@type\":\"ReadAction\",\"target\":[\"https:\\\/\\\/mindsetfitness.ee\\\/tasuta-veebinar\\\/\"]}]},{\"@type\":\"BreadcrumbList\",\"@id\":\"https:\\\/\\\/mindsetfitness.ee\\\/tasuta-veebinar\\\/#breadcrumb\",\"itemListElement\":[{\"@type\":\"ListItem\",\"position\":1,\"name\":\"Home\",\"item\":\"https:\\\/\\\/mindsetfitness.ee\\\/\"},{\"@type\":\"ListItem\",\"position\":2,\"name\":\"tasuta veebinar\"}]},{\"@type\":\"WebSite\",\"@id\":\"https:\\\/\\\/mindsetfitness.ee\\\/#website\",\"url\":\"https:\\\/\\\/mindsetfitness.ee\\\/\",\"name\":\"Mindset Fitness\",\"description\":\"\",\"potentialAction\":[{\"@type\":\"SearchAction\",\"target\":{\"@type\":\"EntryPoint\",\"urlTemplate\":\"https:\\\/\\\/mindsetfitness.ee\\\/?s={search_term_string}\"},\"query-input\":{\"@type\":\"PropertyValueSpecification\",\"valueRequired\":true,\"valueName\":\"search_term_string\"}}],\"inLanguage\":\"en-US\"}]}<\/script>\n<!-- \/ Yoast SEO plugin. -->","yoast_head_json":{"title":"tasuta veebinar - Mindset Fitness","robots":{"index":"index","follow":"follow","max-snippet":"max-snippet:-1","max-image-preview":"max-image-preview:large","max-video-preview":"max-video-preview:-1"},"canonical":"https:\/\/mindsetfitness.ee\/en\/tasuta-veebinar\/","og_locale":"en_US","og_type":"article","og_title":"tasuta veebinar - Mindset Fitness","og_description":"5 SAMMULINE PROTSESS EDUKA VEEBIKOOLITUSE LOOMISEKS \u00d5PI KUIDAS SUURENDADA OMA ETTEV\u00d5TTE M\u00dc\u00dcGITULU V\u00d5I TEENIDA PALGAT\u00d6\u00d6 K\u00d5RVALT LISARAHA!","og_url":"https:\/\/mindsetfitness.ee\/en\/tasuta-veebinar\/","og_site_name":"Mindset Fitness","article_modified_time":"2023-04-08T11:38:01+00:00","twitter_card":"summary_large_image","schema":{"@context":"https:\/\/schema.org","@graph":[{"@type":"WebPage","@id":"https:\/\/mindsetfitness.ee\/tasuta-veebinar\/","url":"https:\/\/mindsetfitness.ee\/tasuta-veebinar\/","name":"tasuta veebinar - Mindset Fitness","isPartOf":{"@id":"https:\/\/mindsetfitness.ee\/#website"},"datePublished":"2023-02-26T17:15:59+00:00","dateModified":"2023-04-08T11:38:01+00:00","breadcrumb":{"@id":"https:\/\/mindsetfitness.ee\/tasuta-veebinar\/#breadcrumb"},"inLanguage":"en-US","potentialAction":[{"@type":"ReadAction","target":["https:\/\/mindsetfitness.ee\/tasuta-veebinar\/"]}]},{"@type":"BreadcrumbList","@id":"https:\/\/mindsetfitness.ee\/tasuta-veebinar\/#breadcrumb","itemListElement":[{"@type":"ListItem","position":1,"name":"Home","item":"https:\/\/mindsetfitness.ee\/"},{"@type":"ListItem","position":2,"name":"tasuta veebinar"}]},{"@type":"WebSite","@id":"https:\/\/mindsetfitness.ee\/#website","url":"https:\/\/mindsetfitness.ee\/","name":"Mindset Fitness","description":"","potentialAction":[{"@type":"SearchAction","target":{"@type":"EntryPoint","urlTemplate":"https:\/\/mindsetfitness.ee\/?s={search_term_string}"},"query-input":{"@type":"PropertyValueSpecification","valueRequired":true,"valueName":"search_term_string"}}],"inLanguage":"en-US"}]}},"_links":{"self":[{"href":"https:\/\/mindsetfitness.ee\/en\/wp-json\/wp\/v2\/pages\/1921","targetHints":{"allow":["GET"]}}],"collection":[{"href":"https:\/\/mindsetfitness.ee\/en\/wp-json\/wp\/v2\/pages"}],"about":[{"href":"https:\/\/mindsetfitness.ee\/en\/wp-json\/wp\/v2\/types\/page"}],"author":[{"embeddable":true,"href":"https:\/\/mindsetfitness.ee\/en\/wp-json\/wp\/v2\/users\/1"}],"replies":[{"embeddable":true,"href":"https:\/\/mindsetfitness.ee\/en\/wp-json\/wp\/v2\/comments?post=1921"}],"version-history":[{"count":88,"href":"https:\/\/mindsetfitness.ee\/en\/wp-json\/wp\/v2\/pages\/1921\/revisions"}],"predecessor-version":[{"id":2362,"href":"https:\/\/mindsetfitness.ee\/en\/wp-json\/wp\/v2\/pages\/1921\/revisions\/2362"}],"wp:attachment":[{"href":"https:\/\/mindsetfitness.ee\/en\/wp-json\/wp\/v2\/media?parent=1921"}],"curies":[{"name":"wp","href":"https:\/\/api.w.org\/{rel}","templated":true}]}}